{"id":2932,"date":"2022-03-18T13:56:19","date_gmt":"2022-03-18T12:56:19","guid":{"rendered":"https:\/\/www.galerie-messmer.de\/conseils-artistiques\/"},"modified":"2025-07-20T18:18:53","modified_gmt":"2025-07-20T16:18:53","slug":"conseils-artistiques","status":"publish","type":"page","link":"https:\/\/www.galerie-messmer.de\/fr\/conseils-artistiques\/","title":{"rendered":"Conseils artistiques"},"content":{"rendered":"\t\t<div data-elementor-type=\"wp-page\" data-elementor-id=\"2932\" class=\"elementor elementor-2932 elementor-181\" data-elementor-post-type=\"page\">\n\t\t\t\t<div class=\"elementor-element elementor-element-6526eb5 e-con-full e-flex e-con e-parent\" data-id=\"6526eb5\" data-element_type=\"container\" data-e-type=\"container\" data-settings=\"{&quot;motion_fx_motion_fx_scrolling&quot;:&quot;yes&quot;,&quot;motion_fx_devices&quot;:[&quot;desktop&quot;,&quot;tablet&quot;,&quot;mobile&quot;]}\">\n\t\t<div class=\"elementor-element elementor-element-cbc1f1d e-con-full e-flex e-con e-child\" data-id=\"cbc1f1d\" data-element_type=\"container\" data-e-type=\"container\" data-settings=\"{&quot;background_background&quot;:&quot;classic&quot;}\">\n\t\t\t\t<div class=\"elementor-element elementor-element-3927477 e-transform elementor-widget elementor-widget-image\" data-id=\"3927477\" data-element_type=\"widget\" data-e-type=\"widget\" data-settings=\"{&quot;_transform_translateX_effect&quot;:{&quot;unit&quot;:&quot;%&quot;,&quot;size&quot;:20,&quot;sizes&quot;:[]},&quot;_transform_translateX_effect_tablet&quot;:{&quot;unit&quot;:&quot;%&quot;,&quot;size&quot;:0,&quot;sizes&quot;:[]},&quot;_transform_translateX_effect_mobile&quot;:{&quot;unit&quot;:&quot;%&quot;,&quot;size&quot;:&quot;&quot;,&quot;sizes&quot;:[]},&quot;_transform_translateY_effect&quot;:{&quot;unit&quot;:&quot;%&quot;,&quot;size&quot;:&quot;&quot;,&quot;sizes&quot;:[]},&quot;_transform_translateY_effect_tablet&quot;:{&quot;unit&quot;:&quot;%&quot;,&quot;size&quot;:&quot;&quot;,&quot;sizes&quot;:[]},&quot;_transform_translateY_effect_mobile&quot;:{&quot;unit&quot;:&quot;%&quot;,&quot;size&quot;:&quot;&quot;,&quot;sizes&quot;:[]}}\" data-widget_type=\"image.default\">\n\t\t\t\t<div class=\"elementor-widget-container\">\n\t\t\t\t\t\t\t\t\t\t\t\t\t\t\t<img fetchpriority=\"high\" decoding=\"async\" width=\"1313\" height=\"1080\" src=\"https:\/\/www.galerie-messmer.de\/wp-content\/uploads\/2022\/03\/Odyssee-scaled-2.jpg\" class=\"attachment-full size-full wp-image-2512\" alt=\"\" srcset=\"https:\/\/www.galerie-messmer.de\/wp-content\/uploads\/2022\/03\/Odyssee-scaled-2.jpg 1313w, https:\/\/www.galerie-messmer.de\/wp-content\/uploads\/2022\/03\/Odyssee-scaled-2-300x247.jpg 300w, https:\/\/www.galerie-messmer.de\/wp-content\/uploads\/2022\/03\/Odyssee-scaled-2-1024x842.jpg 1024w, https:\/\/www.galerie-messmer.de\/wp-content\/uploads\/2022\/03\/Odyssee-scaled-2-768x632.jpg 768w, https:\/\/www.galerie-messmer.de\/wp-content\/uploads\/2022\/03\/Odyssee-scaled-2-1536x1263.jpg 1536w, https:\/\/www.galerie-messmer.de\/wp-content\/uploads\/2022\/03\/Odyssee-scaled-2-2048x1684.jpg 2048w\" sizes=\"(max-width: 1313px) 100vw, 1313px\" \/>\t\t\t\t\t\t\t\t\t\t\t\t\t\t\t<\/div>\n\t\t\t\t<\/div>\n\t\t\t\t<\/div>\n\t\t<div class=\"elementor-element elementor-element-ec9d5b0 e-con-full e-flex e-con e-child\" data-id=\"ec9d5b0\" data-element_type=\"container\" data-e-type=\"container\">\n\t\t\t\t<div class=\"elementor-element elementor-element-3616fa7 elementor-widget elementor-widget-heading\" data-id=\"3616fa7\" data-element_type=\"widget\" data-e-type=\"widget\" data-widget_type=\"heading.default\">\n\t\t\t\t<div class=\"elementor-widget-container\">\n\t\t\t\t\t<h1 class=\"elementor-heading-title elementor-size-default\">Art<br>Conseil<\/h1>\t\t\t\t<\/div>\n\t\t\t\t<\/div>\n\t\t\t\t<div class=\"elementor-element elementor-element-cc4fd3f elementor-widget elementor-widget-text-editor\" data-id=\"cc4fd3f\" data-element_type=\"widget\" data-e-type=\"widget\" data-widget_type=\"text-editor.default\">\n\t\t\t\t<div class=\"elementor-widget-container\">\n\t\t\t\t\t\t\t\t\t<p>\u00cates-vous \u00e0 la recherche de l&rsquo;\u0153uvre d&rsquo; <strong>art<\/strong> parfaite, juste comme vous l&rsquo;aimez?<\/p><p>Gagnez du temps et utilisez l&rsquo;assistance <strong>gratuite<\/strong> de nos <strong>experts<\/strong> . Nous trouverons pour vous les \u0153uvres d&rsquo;art qui correspondent pleinement \u00e0 vos id\u00e9es et \u00e0 votre style.<\/p>\t\t\t\t\t\t\t\t<\/div>\n\t\t\t\t<\/div>\n\t\t\t\t<\/div>\n\t\t\t\t<\/div>\n\t\t<div class=\"elementor-element elementor-element-ccf516b e-flex e-con-boxed e-con e-parent\" data-id=\"ccf516b\" data-element_type=\"container\" data-e-type=\"container\" id=\"kunstberatung\">\n\t\t\t\t\t<div class=\"e-con-inner\">\n\t\t<div class=\"elementor-element elementor-element-04bd826 e-con-full e-flex e-con e-child\" data-id=\"04bd826\" data-element_type=\"container\" data-e-type=\"container\">\n\t\t\t\t<div class=\"elementor-element elementor-element-dad9871 elementor-widget-tablet__width-initial elementor-view-default elementor-widget elementor-widget-icon\" data-id=\"dad9871\" data-element_type=\"widget\" data-e-type=\"widget\" data-widget_type=\"icon.default\">\n\t\t\t\t<div class=\"elementor-widget-container\">\n\t\t\t\t\t\t\t<div class=\"elementor-icon-wrapper\">\n\t\t\t<div class=\"elementor-icon\">\n\t\t\t<svg xmlns=\"http:\/\/www.w3.org\/2000\/svg\" id=\"af347a29-ddc3-4db2-adae-eae92e2b407e\" data-name=\"Layer 1\" width=\"204.3\" height=\"120.6001\" viewBox=\"0 0 204.3 120.6001\"><polygon points=\"0 120.6 78.75 120.6 102.15 0 50.4 0 0 120.6\"><\/polygon><polygon points=\"153 0 102.6 120.6 180.9 120.6 204.3 0 153 0\"><\/polygon><\/svg>\t\t\t<\/div>\n\t\t<\/div>\n\t\t\t\t\t\t<\/div>\n\t\t\t\t<\/div>\n\t\t\t\t<div class=\"elementor-element elementor-element-a3ca065 elementor-widget elementor-widget-text-editor\" data-id=\"a3ca065\" data-element_type=\"widget\" data-e-type=\"widget\" data-widget_type=\"text-editor.default\">\n\t\t\t\t<div class=\"elementor-widget-container\">\n\t\t\t\t\t\t\t\t\t<p>Nous serions heureux de vous conseiller lorsqu&rsquo;il s&rsquo;agit d&rsquo;am\u00e9nager votre espace de bureau, de constituer votre propre collection, de rechercher un concept pour des projets artistiques tr\u00e8s sp\u00e9ciaux ou si vous souhaitez une peinture tr\u00e8s personnelle que vous avez vous-m\u00eame command\u00e9e.<\/p><p>Pour une consultation gratuite, contactez simplement notre conseiller :<\/p>\t\t\t\t\t\t\t\t<\/div>\n\t\t\t\t<\/div>\n\t\t\t\t<div class=\"elementor-element elementor-element-43afff1 elementor-widget elementor-widget-text-editor\" data-id=\"43afff1\" data-element_type=\"widget\" data-e-type=\"widget\" data-widget_type=\"text-editor.default\">\n\t\t\t\t<div class=\"elementor-widget-container\">\n\t\t\t\t\t\t\t\t\t<p>Leah V\u00f6lker<br>Mail : <a href=\"mailto:info@galerie-messmer.de\">info@galerie-messmer.de<\/a><br>T\u00e9l\u00e9phone : <a href=\"tel:+49764292016210\"><span class=\"elementor-icon-list-text\">+49 7642 92016210<\/span><\/a><\/p>\t\t\t\t\t\t\t\t<\/div>\n\t\t\t\t<\/div>\n\t\t\t\t<\/div>\n\t\t\t\t\t<\/div>\n\t\t\t\t<\/div>\n\t\t<div class=\"elementor-element elementor-element-ec67940 e-flex e-con-boxed e-con e-parent\" data-id=\"ec67940\" data-element_type=\"container\" data-e-type=\"container\">\n\t\t\t\t\t<div class=\"e-con-inner\">\n\t\t<div class=\"elementor-element elementor-element-6458e90 e-con-full e-flex e-con e-child\" data-id=\"6458e90\" data-element_type=\"container\" data-e-type=\"container\">\n\t\t\t\t<div class=\"elementor-element elementor-element-7a65252 elementor-widget elementor-widget-gallery\" data-id=\"7a65252\" data-element_type=\"widget\" data-e-type=\"widget\" data-settings=\"{&quot;columns&quot;:2,&quot;columns_mobile&quot;:2,&quot;lazyload&quot;:&quot;yes&quot;,&quot;gallery_layout&quot;:&quot;grid&quot;,&quot;columns_tablet&quot;:2,&quot;gap&quot;:{&quot;unit&quot;:&quot;px&quot;,&quot;size&quot;:10,&quot;sizes&quot;:[]},&quot;gap_tablet&quot;:{&quot;unit&quot;:&quot;px&quot;,&quot;size&quot;:10,&quot;sizes&quot;:[]},&quot;gap_mobile&quot;:{&quot;unit&quot;:&quot;px&quot;,&quot;size&quot;:10,&quot;sizes&quot;:[]},&quot;link_to&quot;:&quot;file&quot;,&quot;aspect_ratio&quot;:&quot;3:2&quot;,&quot;content_hover_animation&quot;:&quot;fade-in&quot;}\" data-widget_type=\"gallery.default\">\n\t\t\t\t<div class=\"elementor-widget-container\">\n\t\t\t\t\t\t\t<div class=\"elementor-gallery__container\">\n\t\t\t\t\t\t\t<a class=\"e-gallery-item elementor-gallery-item elementor-animated-content\" href=\"https:\/\/www.galerie-messmer.de\/wp-content\/uploads\/2025\/02\/Hotelzimmer-Bohumil-Kunstwerk.png\" data-elementor-open-lightbox=\"yes\" data-elementor-lightbox-slideshow=\"7a65252\" data-e-action-hash=\"#elementor-action%3Aaction%3Dlightbox%26settings%3DeyJpZCI6ODEyMywidXJsIjoiaHR0cHM6XC9cL3d3dy5nYWxlcmllLW1lc3NtZXIuZGVcL3dwLWNvbnRlbnRcL3VwbG9hZHNcLzIwMjVcLzAyXC9Ib3RlbHppbW1lci1Cb2h1bWlsLUt1bnN0d2Vyay5wbmciLCJzbGlkZXNob3ciOiI3YTY1MjUyIn0%3D\">\n\t\t\t\t\t<div class=\"e-gallery-image elementor-gallery-item__image\" data-thumbnail=\"https:\/\/www.galerie-messmer.de\/wp-content\/uploads\/2025\/02\/Hotelzimmer-Bohumil-Kunstwerk.png\" data-width=\"908\" data-height=\"657\" aria-label=\"\" role=\"img\" ><\/div>\n\t\t\t\t\t\t\t\t\t\t\t\t\t\t<\/a>\n\t\t\t\t\t\t\t<a class=\"e-gallery-item elementor-gallery-item elementor-animated-content\" href=\"https:\/\/www.galerie-messmer.de\/wp-content\/uploads\/2025\/02\/Wohnzimmer-Bohumil-Kunstwerk.png\" data-elementor-open-lightbox=\"yes\" data-elementor-lightbox-slideshow=\"7a65252\" data-e-action-hash=\"#elementor-action%3Aaction%3Dlightbox%26settings%3DeyJpZCI6ODEyNiwidXJsIjoiaHR0cHM6XC9cL3d3dy5nYWxlcmllLW1lc3NtZXIuZGVcL3dwLWNvbnRlbnRcL3VwbG9hZHNcLzIwMjVcLzAyXC9Xb2huemltbWVyLUJvaHVtaWwtS3Vuc3R3ZXJrLnBuZyIsInNsaWRlc2hvdyI6IjdhNjUyNTIifQ%3D%3D\">\n\t\t\t\t\t<div class=\"e-gallery-image elementor-gallery-item__image\" data-thumbnail=\"https:\/\/www.galerie-messmer.de\/wp-content\/uploads\/2025\/02\/Wohnzimmer-Bohumil-Kunstwerk.png\" data-width=\"1573\" data-height=\"1054\" aria-label=\"\" role=\"img\" ><\/div>\n\t\t\t\t\t\t\t\t\t\t\t\t\t\t<\/a>\n\t\t\t\t\t\t\t<a class=\"e-gallery-item elementor-gallery-item elementor-animated-content\" href=\"https:\/\/www.galerie-messmer.de\/wp-content\/uploads\/2022\/04\/living-room-modern-tv-gad63ddf8d_1920.jpg\" data-elementor-open-lightbox=\"yes\" data-elementor-lightbox-slideshow=\"7a65252\" data-e-action-hash=\"#elementor-action%3Aaction%3Dlightbox%26settings%3DeyJpZCI6MTExNiwidXJsIjoiaHR0cHM6XC9cL3d3dy5nYWxlcmllLW1lc3NtZXIuZGVcL3dwLWNvbnRlbnRcL3VwbG9hZHNcLzIwMjJcLzA0XC9saXZpbmctcm9vbS1tb2Rlcm4tdHYtZ2FkNjNkZGY4ZF8xOTIwLmpwZyIsInNsaWRlc2hvdyI6IjdhNjUyNTIifQ%3D%3D\">\n\t\t\t\t\t<div class=\"e-gallery-image elementor-gallery-item__image\" data-thumbnail=\"https:\/\/www.galerie-messmer.de\/wp-content\/uploads\/2022\/04\/living-room-modern-tv-gad63ddf8d_1920.jpg\" data-width=\"1667\" data-height=\"1080\" aria-label=\"\" role=\"img\" ><\/div>\n\t\t\t\t\t\t\t\t\t\t\t\t\t\t<\/a>\n\t\t\t\t\t\t\t<a class=\"e-gallery-item elementor-gallery-item elementor-animated-content\" href=\"https:\/\/www.galerie-messmer.de\/wp-content\/uploads\/2025\/02\/Buero-mit-story-of-a-work-table.png\" data-elementor-open-lightbox=\"yes\" data-elementor-lightbox-slideshow=\"7a65252\" data-e-action-hash=\"#elementor-action%3Aaction%3Dlightbox%26settings%3DeyJpZCI6ODE1NiwidXJsIjoiaHR0cHM6XC9cL3d3dy5nYWxlcmllLW1lc3NtZXIuZGVcL3dwLWNvbnRlbnRcL3VwbG9hZHNcLzIwMjVcLzAyXC9CdWVyby1taXQtc3Rvcnktb2YtYS13b3JrLXRhYmxlLnBuZyIsInNsaWRlc2hvdyI6IjdhNjUyNTIifQ%3D%3D\">\n\t\t\t\t\t<div class=\"e-gallery-image elementor-gallery-item__image\" data-thumbnail=\"https:\/\/www.galerie-messmer.de\/wp-content\/uploads\/2025\/02\/Buero-mit-story-of-a-work-table.png\" data-width=\"1619\" data-height=\"1080\" aria-label=\"\" role=\"img\" ><\/div>\n\t\t\t\t\t\t\t\t\t\t\t\t\t\t<\/a>\n\t\t\t\t\t<\/div>\n\t\t\t\t\t<\/div>\n\t\t\t\t<\/div>\n\t\t\t\t<\/div>\n\t\t\t\t\t<\/div>\n\t\t\t\t<\/div>\n\t\t\t\t<\/div>\n\t\t","protected":false},"excerpt":{"rendered":"<p>ArtConseil \u00cates-vous \u00e0 la recherche de l&rsquo;\u0153uvre d&rsquo; art parfaite, juste comme vous l&rsquo;aimez? Gagnez du temps et utilisez l&rsquo;assistance gratuite de nos experts . Nous trouverons pour vous les \u0153uvres d&rsquo;art qui correspondent pleinement \u00e0 vos id\u00e9es et \u00e0 votre style. Nous serions heureux de vous conseiller lorsqu&rsquo;il s&rsquo;agit d&rsquo;am\u00e9nager votre espace de bureau, [&hellip;]<\/p>\n","protected":false},"author":1,"featured_media":0,"parent":0,"menu_order":0,"comment_status":"closed","ping_status":"closed","template":"","meta":{"footnotes":""},"class_list":["post-2932","page","type-page","status-publish","hentry"],"yoast_head":"<!-- This site is optimized with the Yoast SEO plugin v27.4 - https:\/\/yoast.com\/product\/yoast-seo-wordpress\/ -->\n<title>Conseils artistiques - Galerie Messmer<\/title>\n<meta name=\"robots\" content=\"index, follow, max-snippet:-1, max-image-preview:large, max-video-preview:-1\" \/>\n<link rel=\"canonical\" href=\"https:\/\/www.galerie-messmer.de\/fr\/conseils-artistiques\/\" \/>\n<meta property=\"og:locale\" content=\"fr_FR\" \/>\n<meta property=\"og:type\" content=\"article\" \/>\n<meta property=\"og:title\" content=\"Conseils artistiques - Galerie Messmer\" \/>\n<meta property=\"og:description\" content=\"ArtConseil \u00cates-vous \u00e0 la recherche de l&rsquo;\u0153uvre d&rsquo; art parfaite, juste comme vous l&rsquo;aimez? Gagnez du temps et utilisez l&rsquo;assistance gratuite de nos experts . Nous trouverons pour vous les \u0153uvres d&rsquo;art qui correspondent pleinement \u00e0 vos id\u00e9es et \u00e0 votre style. Nous serions heureux de vous conseiller lorsqu&rsquo;il s&rsquo;agit d&rsquo;am\u00e9nager votre espace de bureau, [&hellip;]\" \/>\n<meta property=\"og:url\" content=\"https:\/\/www.galerie-messmer.de\/fr\/conseils-artistiques\/\" \/>\n<meta property=\"og:site_name\" content=\"Galerie Messmer\" \/>\n<meta property=\"article:modified_time\" content=\"2025-07-20T16:18:53+00:00\" \/>\n<meta property=\"og:image\" content=\"https:\/\/www.galerie-messmer.de\/wp-content\/uploads\/2022\/03\/Odyssee-scaled-2.jpg\" \/>\n\t<meta property=\"og:image:width\" content=\"1313\" \/>\n\t<meta property=\"og:image:height\" content=\"1080\" \/>\n\t<meta property=\"og:image:type\" content=\"image\/jpeg\" \/>\n<meta name=\"twitter:card\" content=\"summary_large_image\" \/>\n<meta name=\"twitter:label1\" content=\"Dur\u00e9e de lecture estim\u00e9e\" \/>\n\t<meta name=\"twitter:data1\" content=\"1 minute\" \/>\n<script type=\"application\/ld+json\" class=\"yoast-schema-graph\">{\"@context\":\"https:\\\/\\\/schema.org\",\"@graph\":[{\"@type\":\"WebPage\",\"@id\":\"https:\\\/\\\/www.galerie-messmer.de\\\/fr\\\/conseils-artistiques\\\/\",\"url\":\"https:\\\/\\\/www.galerie-messmer.de\\\/fr\\\/conseils-artistiques\\\/\",\"name\":\"Conseils artistiques - Galerie Messmer\",\"isPartOf\":{\"@id\":\"https:\\\/\\\/www.galerie-messmer.de\\\/fr\\\/#website\"},\"primaryImageOfPage\":{\"@id\":\"https:\\\/\\\/www.galerie-messmer.de\\\/fr\\\/conseils-artistiques\\\/#primaryimage\"},\"image\":{\"@id\":\"https:\\\/\\\/www.galerie-messmer.de\\\/fr\\\/conseils-artistiques\\\/#primaryimage\"},\"thumbnailUrl\":\"https:\\\/\\\/www.galerie-messmer.de\\\/wp-content\\\/uploads\\\/2022\\\/03\\\/Odyssee-scaled-2.jpg\",\"datePublished\":\"2022-03-18T12:56:19+00:00\",\"dateModified\":\"2025-07-20T16:18:53+00:00\",\"breadcrumb\":{\"@id\":\"https:\\\/\\\/www.galerie-messmer.de\\\/fr\\\/conseils-artistiques\\\/#breadcrumb\"},\"inLanguage\":\"fr-FR\",\"potentialAction\":[{\"@type\":\"ReadAction\",\"target\":[\"https:\\\/\\\/www.galerie-messmer.de\\\/fr\\\/conseils-artistiques\\\/\"]}]},{\"@type\":\"ImageObject\",\"inLanguage\":\"fr-FR\",\"@id\":\"https:\\\/\\\/www.galerie-messmer.de\\\/fr\\\/conseils-artistiques\\\/#primaryimage\",\"url\":\"https:\\\/\\\/www.galerie-messmer.de\\\/wp-content\\\/uploads\\\/2022\\\/03\\\/Odyssee-scaled-2.jpg\",\"contentUrl\":\"https:\\\/\\\/www.galerie-messmer.de\\\/wp-content\\\/uploads\\\/2022\\\/03\\\/Odyssee-scaled-2.jpg\"},{\"@type\":\"BreadcrumbList\",\"@id\":\"https:\\\/\\\/www.galerie-messmer.de\\\/fr\\\/conseils-artistiques\\\/#breadcrumb\",\"itemListElement\":[{\"@type\":\"ListItem\",\"position\":1,\"name\":\"Startseite\",\"item\":\"https:\\\/\\\/www.galerie-messmer.de\\\/fr\\\/domicile\\\/\"},{\"@type\":\"ListItem\",\"position\":2,\"name\":\"Conseils artistiques\"}]},{\"@type\":\"WebSite\",\"@id\":\"https:\\\/\\\/www.galerie-messmer.de\\\/fr\\\/#website\",\"url\":\"https:\\\/\\\/www.galerie-messmer.de\\\/fr\\\/\",\"name\":\"Galerie Messmer\",\"description\":\"Die Kunstgalerie am Kaiserstuhl\",\"publisher\":{\"@id\":\"https:\\\/\\\/www.galerie-messmer.de\\\/fr\\\/#organization\"},\"potentialAction\":[{\"@type\":\"SearchAction\",\"target\":{\"@type\":\"EntryPoint\",\"urlTemplate\":\"https:\\\/\\\/www.galerie-messmer.de\\\/fr\\\/?s={search_term_string}\"},\"query-input\":{\"@type\":\"PropertyValueSpecification\",\"valueRequired\":true,\"valueName\":\"search_term_string\"}}],\"inLanguage\":\"fr-FR\"},{\"@type\":\"Organization\",\"@id\":\"https:\\\/\\\/www.galerie-messmer.de\\\/fr\\\/#organization\",\"name\":\"Galerie Messmer\",\"url\":\"https:\\\/\\\/www.galerie-messmer.de\\\/fr\\\/\",\"logo\":{\"@type\":\"ImageObject\",\"inLanguage\":\"fr-FR\",\"@id\":\"https:\\\/\\\/www.galerie-messmer.de\\\/fr\\\/#\\\/schema\\\/logo\\\/image\\\/\",\"url\":\"https:\\\/\\\/www.galerie-messmer.de\\\/wp-content\\\/uploads\\\/2022\\\/03\\\/cropped-GalerieMessmerLogo.png\",\"contentUrl\":\"https:\\\/\\\/www.galerie-messmer.de\\\/wp-content\\\/uploads\\\/2022\\\/03\\\/cropped-GalerieMessmerLogo.png\",\"width\":2000,\"height\":250,\"caption\":\"Galerie Messmer\"},\"image\":{\"@id\":\"https:\\\/\\\/www.galerie-messmer.de\\\/fr\\\/#\\\/schema\\\/logo\\\/image\\\/\"}}]}<\/script>\n<!-- \/ Yoast SEO plugin. -->","yoast_head_json":{"title":"Conseils artistiques - Galerie Messmer","robots":{"index":"index","follow":"follow","max-snippet":"max-snippet:-1","max-image-preview":"max-image-preview:large","max-video-preview":"max-video-preview:-1"},"canonical":"https:\/\/www.galerie-messmer.de\/fr\/conseils-artistiques\/","og_locale":"fr_FR","og_type":"article","og_title":"Conseils artistiques - Galerie Messmer","og_description":"ArtConseil \u00cates-vous \u00e0 la recherche de l&rsquo;\u0153uvre d&rsquo; art parfaite, juste comme vous l&rsquo;aimez? Gagnez du temps et utilisez l&rsquo;assistance gratuite de nos experts . Nous trouverons pour vous les \u0153uvres d&rsquo;art qui correspondent pleinement \u00e0 vos id\u00e9es et \u00e0 votre style. Nous serions heureux de vous conseiller lorsqu&rsquo;il s&rsquo;agit d&rsquo;am\u00e9nager votre espace de bureau, [&hellip;]","og_url":"https:\/\/www.galerie-messmer.de\/fr\/conseils-artistiques\/","og_site_name":"Galerie Messmer","article_modified_time":"2025-07-20T16:18:53+00:00","og_image":[{"width":1313,"height":1080,"url":"https:\/\/www.galerie-messmer.de\/wp-content\/uploads\/2022\/03\/Odyssee-scaled-2.jpg","type":"image\/jpeg"}],"twitter_card":"summary_large_image","twitter_misc":{"Dur\u00e9e de lecture estim\u00e9e":"1 minute"},"schema":{"@context":"https:\/\/schema.org","@graph":[{"@type":"WebPage","@id":"https:\/\/www.galerie-messmer.de\/fr\/conseils-artistiques\/","url":"https:\/\/www.galerie-messmer.de\/fr\/conseils-artistiques\/","name":"Conseils artistiques - Galerie Messmer","isPartOf":{"@id":"https:\/\/www.galerie-messmer.de\/fr\/#website"},"primaryImageOfPage":{"@id":"https:\/\/www.galerie-messmer.de\/fr\/conseils-artistiques\/#primaryimage"},"image":{"@id":"https:\/\/www.galerie-messmer.de\/fr\/conseils-artistiques\/#primaryimage"},"thumbnailUrl":"https:\/\/www.galerie-messmer.de\/wp-content\/uploads\/2022\/03\/Odyssee-scaled-2.jpg","datePublished":"2022-03-18T12:56:19+00:00","dateModified":"2025-07-20T16:18:53+00:00","breadcrumb":{"@id":"https:\/\/www.galerie-messmer.de\/fr\/conseils-artistiques\/#breadcrumb"},"inLanguage":"fr-FR","potentialAction":[{"@type":"ReadAction","target":["https:\/\/www.galerie-messmer.de\/fr\/conseils-artistiques\/"]}]},{"@type":"ImageObject","inLanguage":"fr-FR","@id":"https:\/\/www.galerie-messmer.de\/fr\/conseils-artistiques\/#primaryimage","url":"https:\/\/www.galerie-messmer.de\/wp-content\/uploads\/2022\/03\/Odyssee-scaled-2.jpg","contentUrl":"https:\/\/www.galerie-messmer.de\/wp-content\/uploads\/2022\/03\/Odyssee-scaled-2.jpg"},{"@type":"BreadcrumbList","@id":"https:\/\/www.galerie-messmer.de\/fr\/conseils-artistiques\/#breadcrumb","itemListElement":[{"@type":"ListItem","position":1,"name":"Startseite","item":"https:\/\/www.galerie-messmer.de\/fr\/domicile\/"},{"@type":"ListItem","position":2,"name":"Conseils artistiques"}]},{"@type":"WebSite","@id":"https:\/\/www.galerie-messmer.de\/fr\/#website","url":"https:\/\/www.galerie-messmer.de\/fr\/","name":"Galerie Messmer","description":"Die Kunstgalerie am Kaiserstuhl","publisher":{"@id":"https:\/\/www.galerie-messmer.de\/fr\/#organization"},"potentialAction":[{"@type":"SearchAction","target":{"@type":"EntryPoint","urlTemplate":"https:\/\/www.galerie-messmer.de\/fr\/?s={search_term_string}"},"query-input":{"@type":"PropertyValueSpecification","valueRequired":true,"valueName":"search_term_string"}}],"inLanguage":"fr-FR"},{"@type":"Organization","@id":"https:\/\/www.galerie-messmer.de\/fr\/#organization","name":"Galerie Messmer","url":"https:\/\/www.galerie-messmer.de\/fr\/","logo":{"@type":"ImageObject","inLanguage":"fr-FR","@id":"https:\/\/www.galerie-messmer.de\/fr\/#\/schema\/logo\/image\/","url":"https:\/\/www.galerie-messmer.de\/wp-content\/uploads\/2022\/03\/cropped-GalerieMessmerLogo.png","contentUrl":"https:\/\/www.galerie-messmer.de\/wp-content\/uploads\/2022\/03\/cropped-GalerieMessmerLogo.png","width":2000,"height":250,"caption":"Galerie Messmer"},"image":{"@id":"https:\/\/www.galerie-messmer.de\/fr\/#\/schema\/logo\/image\/"}}]}},"_links":{"self":[{"href":"https:\/\/www.galerie-messmer.de\/fr\/wp-json\/wp\/v2\/pages\/2932","targetHints":{"allow":["GET"]}}],"collection":[{"href":"https:\/\/www.galerie-messmer.de\/fr\/wp-json\/wp\/v2\/pages"}],"about":[{"href":"https:\/\/www.galerie-messmer.de\/fr\/wp-json\/wp\/v2\/types\/page"}],"author":[{"embeddable":true,"href":"https:\/\/www.galerie-messmer.de\/fr\/wp-json\/wp\/v2\/users\/1"}],"replies":[{"embeddable":true,"href":"https:\/\/www.galerie-messmer.de\/fr\/wp-json\/wp\/v2\/comments?post=2932"}],"version-history":[{"count":7,"href":"https:\/\/www.galerie-messmer.de\/fr\/wp-json\/wp\/v2\/pages\/2932\/revisions"}],"predecessor-version":[{"id":8806,"href":"https:\/\/www.galerie-messmer.de\/fr\/wp-json\/wp\/v2\/pages\/2932\/revisions\/8806"}],"wp:attachment":[{"href":"https:\/\/www.galerie-messmer.de\/fr\/wp-json\/wp\/v2\/media?parent=2932"}],"curies":[{"name":"wp","href":"https:\/\/api.w.org\/{rel}","templated":true}]}}