{"id":2940,"date":"2022-03-18T14:39:31","date_gmt":"2022-03-18T13:39:31","guid":{"rendered":"https:\/\/www.galerie-messmer.de\/imprimer\/"},"modified":"2022-04-29T22:22:32","modified_gmt":"2022-04-29T20:22:32","slug":"imprimer","status":"publish","type":"page","link":"https:\/\/www.galerie-messmer.de\/fr\/imprimer\/","title":{"rendered":"imprimer"},"content":{"rendered":"\t\t<div data-elementor-type=\"wp-page\" data-elementor-id=\"2940\" class=\"elementor elementor-2940 elementor-237\" data-elementor-post-type=\"page\">\n\t\t\t\t\t\t<section class=\"elementor-section elementor-top-section elementor-element elementor-element-21048eb elementor-section-boxed elementor-section-height-default elementor-section-height-default\" data-id=\"21048eb\" data-element_type=\"section\" data-e-type=\"section\">\n\t\t\t\t\t\t<div class=\"elementor-container elementor-column-gap-default\">\n\t\t\t\t\t<div class=\"elementor-column elementor-col-100 elementor-top-column elementor-element elementor-element-8757340\" data-id=\"8757340\" data-element_type=\"column\" data-e-type=\"column\">\n\t\t\t<div class=\"elementor-widget-wrap elementor-element-populated\">\n\t\t\t\t\t\t<div class=\"elementor-element elementor-element-c921817 elementor-widget elementor-widget-heading\" data-id=\"c921817\" data-element_type=\"widget\" data-e-type=\"widget\" data-widget_type=\"heading.default\">\n\t\t\t\t<div class=\"elementor-widget-container\">\n\t\t\t\t\t<h1 class=\"elementor-heading-title elementor-size-default\">imprimer<\/h1>\t\t\t\t<\/div>\n\t\t\t\t<\/div>\n\t\t\t\t<div class=\"elementor-element elementor-element-9728d66 elementor-widget elementor-widget-text-editor\" data-id=\"9728d66\" data-element_type=\"widget\" data-e-type=\"widget\" data-widget_type=\"text-editor.default\">\n\t\t\t\t<div class=\"elementor-widget-container\">\n\t\t\t\t\t\t\t\t\t<h2>informations selon \u00a7 5 TMG :<\/h2><p>J\u00fcrgen A. Messmer<br>Place Grand-Duc L\u00e9opold 1<br>79359 bar au Kaiserstuhl<\/p><p>N\u00b0 d&rsquo;identification TVA : DE 141 925 936<\/p><h3>Contacter:<\/h3><p>T\u00e9l\u00e9phone : +49 7642 920 162 10<br>Courriel : info@galerie-messmer.de<\/p><h2><strong>Avis de non-responsabilit\u00e9 &#8211; Avis de non-responsabilit\u00e9&nbsp;:<\/strong><\/h2><h3>Responsabilit\u00e9 du contenu<\/h3><p>Tout le contenu de notre site Web a \u00e9t\u00e9 cr\u00e9\u00e9 avec le plus grand soin et au mieux de nos connaissances. Cependant, nous ne pouvons pas garantir que le contenu est correct, complet ou \u00e0 jour. En tant que prestataire de services, nous sommes conformes au \u00a7 7 Abs.1 TMG est responsable de son propre contenu sur ces pages conform\u00e9ment aux lois g\u00e9n\u00e9rales. Conform\u00e9ment aux \u00a7\u00a7 8 \u00e0 10 TMG, nous ne sommes toutefois pas tenus, en tant que prestataire de services, de surveiller les informations tierces transmises ou stock\u00e9es ou d&rsquo;enqu\u00eater sur les circonstances qui indiquent une activit\u00e9 ill\u00e9gale. Les obligations de supprimer ou de bloquer l&rsquo;utilisation des informations conform\u00e9ment aux lois g\u00e9n\u00e9rales restent inchang\u00e9es.<\/p><p>Cependant, la responsabilit\u00e9 \u00e0 cet \u00e9gard n&rsquo;est possible qu&rsquo;\u00e0 partir du moment o\u00f9 la connaissance d&rsquo;une infraction concr\u00e8te \u00e0 la loi est obtenue. D\u00e8s que nous prendrons connaissance des infractions ci-dessus, nous supprimerons imm\u00e9diatement ce contenu.<\/p><h3>Limitation de responsabilit\u00e9 pour les liens externes<\/h3><p>Notre site Web contient des liens vers des sites Web tiers externes. Nous n&rsquo;avons aucune influence sur le contenu de ces sites Web directement ou indirectement li\u00e9s. Par cons\u00e9quent, nous ne pouvons pas garantir l&rsquo;exactitude du contenu des \u00ab\u00a0liens externes\u00a0\u00bb. Les fournisseurs ou exploitants respectifs (auteurs) des pages sont responsables du contenu des liens externes.<\/p><p>Les liens externes ont \u00e9t\u00e9 v\u00e9rifi\u00e9s pour d&rsquo;\u00e9ventuelles violations de la loi au moment de la cr\u00e9ation du lien et \u00e9taient exempts de contenu ill\u00e9gal au moment de la cr\u00e9ation du lien. Un contr\u00f4le constant du contenu des liens externes n&rsquo;est pas possible sans preuves concr\u00e8tes d&rsquo;une infraction. Dans le cas de liens directs ou indirects vers des sites Web tiers qui ne rel\u00e8vent pas de notre domaine de responsabilit\u00e9, la responsabilit\u00e9 n&rsquo;existerait que si nous prenions connaissance du contenu et qu&rsquo;il nous \u00e9tait techniquement possible et raisonnable d&#8217;emp\u00eacher l&rsquo;utilisation en cas de contenu ill\u00e9gal.<\/p><p>Cette clause de non-responsabilit\u00e9 s&rsquo;applique \u00e9galement aux liens et r\u00e9f\u00e9rences \u00e9tablis par les questionneurs, les articles de blog et les invit\u00e9s du forum de discussion sur notre propre site Web \u00a0\u00bb <em>nom de votre domaine<\/em> \u00ab\u00a0. Le fournisseur de services de la page \u00e0 laquelle il a \u00e9t\u00e9 fait r\u00e9f\u00e9rence est seul responsable des contenus ill\u00e9gaux, incorrects ou incomplets et en particulier des dommages r\u00e9sultant de l&rsquo;utilisation ou de la non-utilisation de ces informations, et non de la personne qui se contente de renvoyer \u00e0 la publication respective via des liens. .<\/p><p>Si nous prenons connaissance de violations l\u00e9gales, nous supprimerons imm\u00e9diatement les liens externes.<\/p><h3>droits d&rsquo;auteur<\/h3><p>Le contenu et les travaux publi\u00e9s sur notre site Web sont soumis au droit d&rsquo;auteur allemand ( <a href=\"http:\/\/www.gesetze-im-internet.de\/bundesrecht\/urhg\/gesamt.pdf\" target=\"_blank\" rel=\"noopener noreferrer\" data-extlink=\"\">http:\/\/www.gesetze-im-internet.de\/bundesrecht\/urhg\/gesamt.pdf<\/a> ). La duplication, le traitement, la distribution et tout type d&rsquo;exploitation de la propri\u00e9t\u00e9 intellectuelle du point de vue intellectuel et mat\u00e9riel de l&rsquo;auteur en dehors des limites du droit d&rsquo;auteur n\u00e9cessitent le consentement \u00e9crit pr\u00e9alable de l&rsquo;auteur respectif au sens de la loi sur le droit d&rsquo;auteur ( <a href=\"http:\/\/www.gesetze-im-internet.de\/bundesrecht\/urhg\/gesamt.pdf\" target=\"_blank\" rel=\"noopener noreferrer\" data-extlink=\"\">http:\/ \/www.gesetze-im-internet.de\/bundesrecht\/urhg\/gesamt.pdf<\/a> ). Les t\u00e9l\u00e9chargements et copies de ce site ne sont autoris\u00e9s que pour un usage priv\u00e9 et non commercial. Si le contenu de notre site Web n&rsquo;a pas \u00e9t\u00e9 cr\u00e9\u00e9 par nous, les droits d&rsquo;auteur de tiers doivent \u00eatre respect\u00e9s. Les contenus de tiers sont signal\u00e9s comme tels. Si vous avez n\u00e9anmoins connaissance d&rsquo;une violation du droit d&rsquo;auteur, nous vous demandons de nous en informer en cons\u00e9quence. D\u00e8s que nous aurons connaissance de violations l\u00e9gales, nous supprimerons imm\u00e9diatement ce contenu.<\/p><h2>design et d\u00e9veloppement<\/h2><p>Webservices Erik Lachfeld<br><a href=\"https:\/\/erik-lachfeld.de\" target=\"_blank\" rel=\"noopener\"><span style=\"text-decoration: underline;\">erik-lachfeld.de<\/span><\/a><\/p>\t\t\t\t\t\t\t\t<\/div>\n\t\t\t\t<\/div>\n\t\t\t\t\t<\/div>\n\t\t<\/div>\n\t\t\t\t\t<\/div>\n\t\t<\/section>\n\t\t\t\t<\/div>\n\t\t","protected":false},"excerpt":{"rendered":"<p>imprimer informations selon \u00a7 5 TMG : J\u00fcrgen A. MessmerPlace Grand-Duc L\u00e9opold 179359 bar au Kaiserstuhl N\u00b0 d&rsquo;identification TVA : DE 141 925 936 Contacter: T\u00e9l\u00e9phone : +49 7642 920 162 10Courriel : info@galerie-messmer.de Avis de non-responsabilit\u00e9 &#8211; Avis de non-responsabilit\u00e9&nbsp;: Responsabilit\u00e9 du contenu Tout le contenu de notre site Web a \u00e9t\u00e9 cr\u00e9\u00e9 avec [&hellip;]<\/p>\n","protected":false},"author":1,"featured_media":0,"parent":0,"menu_order":0,"comment_status":"closed","ping_status":"closed","template":"","meta":{"footnotes":""},"class_list":["post-2940","page","type-page","status-publish","hentry"],"yoast_head":"<!-- This site is optimized with the Yoast SEO plugin v27.4 - https:\/\/yoast.com\/product\/yoast-seo-wordpress\/ -->\n<title>imprimer - Galerie Messmer<\/title>\n<meta name=\"robots\" content=\"index, follow, max-snippet:-1, max-image-preview:large, max-video-preview:-1\" \/>\n<link rel=\"canonical\" href=\"https:\/\/www.galerie-messmer.de\/fr\/imprimer\/\" \/>\n<meta property=\"og:locale\" content=\"fr_FR\" \/>\n<meta property=\"og:type\" content=\"article\" \/>\n<meta property=\"og:title\" content=\"imprimer - Galerie Messmer\" \/>\n<meta property=\"og:description\" content=\"imprimer informations selon \u00a7 5 TMG : J\u00fcrgen A. MessmerPlace Grand-Duc L\u00e9opold 179359 bar au Kaiserstuhl N\u00b0 d&rsquo;identification TVA : DE 141 925 936 Contacter: T\u00e9l\u00e9phone : +49 7642 920 162 10Courriel : info@galerie-messmer.de Avis de non-responsabilit\u00e9 &#8211; Avis de non-responsabilit\u00e9&nbsp;: Responsabilit\u00e9 du contenu Tout le contenu de notre site Web a \u00e9t\u00e9 cr\u00e9\u00e9 avec [&hellip;]\" \/>\n<meta property=\"og:url\" content=\"https:\/\/www.galerie-messmer.de\/fr\/imprimer\/\" \/>\n<meta property=\"og:site_name\" content=\"Galerie Messmer\" \/>\n<meta property=\"article:modified_time\" content=\"2022-04-29T20:22:32+00:00\" \/>\n<meta name=\"twitter:card\" content=\"summary_large_image\" \/>\n<meta name=\"twitter:label1\" content=\"Dur\u00e9e de lecture estim\u00e9e\" \/>\n\t<meta name=\"twitter:data1\" content=\"3 minutes\" \/>\n<script type=\"application\/ld+json\" class=\"yoast-schema-graph\">{\"@context\":\"https:\\\/\\\/schema.org\",\"@graph\":[{\"@type\":\"WebPage\",\"@id\":\"https:\\\/\\\/www.galerie-messmer.de\\\/fr\\\/imprimer\\\/\",\"url\":\"https:\\\/\\\/www.galerie-messmer.de\\\/fr\\\/imprimer\\\/\",\"name\":\"imprimer - Galerie Messmer\",\"isPartOf\":{\"@id\":\"https:\\\/\\\/www.galerie-messmer.de\\\/fr\\\/#website\"},\"datePublished\":\"2022-03-18T13:39:31+00:00\",\"dateModified\":\"2022-04-29T20:22:32+00:00\",\"breadcrumb\":{\"@id\":\"https:\\\/\\\/www.galerie-messmer.de\\\/fr\\\/imprimer\\\/#breadcrumb\"},\"inLanguage\":\"fr-FR\",\"potentialAction\":[{\"@type\":\"ReadAction\",\"target\":[\"https:\\\/\\\/www.galerie-messmer.de\\\/fr\\\/imprimer\\\/\"]}]},{\"@type\":\"BreadcrumbList\",\"@id\":\"https:\\\/\\\/www.galerie-messmer.de\\\/fr\\\/imprimer\\\/#breadcrumb\",\"itemListElement\":[{\"@type\":\"ListItem\",\"position\":1,\"name\":\"Startseite\",\"item\":\"https:\\\/\\\/www.galerie-messmer.de\\\/fr\\\/domicile\\\/\"},{\"@type\":\"ListItem\",\"position\":2,\"name\":\"imprimer\"}]},{\"@type\":\"WebSite\",\"@id\":\"https:\\\/\\\/www.galerie-messmer.de\\\/fr\\\/#website\",\"url\":\"https:\\\/\\\/www.galerie-messmer.de\\\/fr\\\/\",\"name\":\"Galerie Messmer\",\"description\":\"Die Kunstgalerie am Kaiserstuhl\",\"publisher\":{\"@id\":\"https:\\\/\\\/www.galerie-messmer.de\\\/fr\\\/#organization\"},\"potentialAction\":[{\"@type\":\"SearchAction\",\"target\":{\"@type\":\"EntryPoint\",\"urlTemplate\":\"https:\\\/\\\/www.galerie-messmer.de\\\/fr\\\/?s={search_term_string}\"},\"query-input\":{\"@type\":\"PropertyValueSpecification\",\"valueRequired\":true,\"valueName\":\"search_term_string\"}}],\"inLanguage\":\"fr-FR\"},{\"@type\":\"Organization\",\"@id\":\"https:\\\/\\\/www.galerie-messmer.de\\\/fr\\\/#organization\",\"name\":\"Galerie Messmer\",\"url\":\"https:\\\/\\\/www.galerie-messmer.de\\\/fr\\\/\",\"logo\":{\"@type\":\"ImageObject\",\"inLanguage\":\"fr-FR\",\"@id\":\"https:\\\/\\\/www.galerie-messmer.de\\\/fr\\\/#\\\/schema\\\/logo\\\/image\\\/\",\"url\":\"https:\\\/\\\/www.galerie-messmer.de\\\/wp-content\\\/uploads\\\/2022\\\/03\\\/cropped-GalerieMessmerLogo.png\",\"contentUrl\":\"https:\\\/\\\/www.galerie-messmer.de\\\/wp-content\\\/uploads\\\/2022\\\/03\\\/cropped-GalerieMessmerLogo.png\",\"width\":2000,\"height\":250,\"caption\":\"Galerie Messmer\"},\"image\":{\"@id\":\"https:\\\/\\\/www.galerie-messmer.de\\\/fr\\\/#\\\/schema\\\/logo\\\/image\\\/\"}}]}<\/script>\n<!-- \/ Yoast SEO plugin. -->","yoast_head_json":{"title":"imprimer - Galerie Messmer","robots":{"index":"index","follow":"follow","max-snippet":"max-snippet:-1","max-image-preview":"max-image-preview:large","max-video-preview":"max-video-preview:-1"},"canonical":"https:\/\/www.galerie-messmer.de\/fr\/imprimer\/","og_locale":"fr_FR","og_type":"article","og_title":"imprimer - Galerie Messmer","og_description":"imprimer informations selon \u00a7 5 TMG : J\u00fcrgen A. MessmerPlace Grand-Duc L\u00e9opold 179359 bar au Kaiserstuhl N\u00b0 d&rsquo;identification TVA : DE 141 925 936 Contacter: T\u00e9l\u00e9phone : +49 7642 920 162 10Courriel : info@galerie-messmer.de Avis de non-responsabilit\u00e9 &#8211; Avis de non-responsabilit\u00e9&nbsp;: Responsabilit\u00e9 du contenu Tout le contenu de notre site Web a \u00e9t\u00e9 cr\u00e9\u00e9 avec [&hellip;]","og_url":"https:\/\/www.galerie-messmer.de\/fr\/imprimer\/","og_site_name":"Galerie Messmer","article_modified_time":"2022-04-29T20:22:32+00:00","twitter_card":"summary_large_image","twitter_misc":{"Dur\u00e9e de lecture estim\u00e9e":"3 minutes"},"schema":{"@context":"https:\/\/schema.org","@graph":[{"@type":"WebPage","@id":"https:\/\/www.galerie-messmer.de\/fr\/imprimer\/","url":"https:\/\/www.galerie-messmer.de\/fr\/imprimer\/","name":"imprimer - Galerie Messmer","isPartOf":{"@id":"https:\/\/www.galerie-messmer.de\/fr\/#website"},"datePublished":"2022-03-18T13:39:31+00:00","dateModified":"2022-04-29T20:22:32+00:00","breadcrumb":{"@id":"https:\/\/www.galerie-messmer.de\/fr\/imprimer\/#breadcrumb"},"inLanguage":"fr-FR","potentialAction":[{"@type":"ReadAction","target":["https:\/\/www.galerie-messmer.de\/fr\/imprimer\/"]}]},{"@type":"BreadcrumbList","@id":"https:\/\/www.galerie-messmer.de\/fr\/imprimer\/#breadcrumb","itemListElement":[{"@type":"ListItem","position":1,"name":"Startseite","item":"https:\/\/www.galerie-messmer.de\/fr\/domicile\/"},{"@type":"ListItem","position":2,"name":"imprimer"}]},{"@type":"WebSite","@id":"https:\/\/www.galerie-messmer.de\/fr\/#website","url":"https:\/\/www.galerie-messmer.de\/fr\/","name":"Galerie Messmer","description":"Die Kunstgalerie am Kaiserstuhl","publisher":{"@id":"https:\/\/www.galerie-messmer.de\/fr\/#organization"},"potentialAction":[{"@type":"SearchAction","target":{"@type":"EntryPoint","urlTemplate":"https:\/\/www.galerie-messmer.de\/fr\/?s={search_term_string}"},"query-input":{"@type":"PropertyValueSpecification","valueRequired":true,"valueName":"search_term_string"}}],"inLanguage":"fr-FR"},{"@type":"Organization","@id":"https:\/\/www.galerie-messmer.de\/fr\/#organization","name":"Galerie Messmer","url":"https:\/\/www.galerie-messmer.de\/fr\/","logo":{"@type":"ImageObject","inLanguage":"fr-FR","@id":"https:\/\/www.galerie-messmer.de\/fr\/#\/schema\/logo\/image\/","url":"https:\/\/www.galerie-messmer.de\/wp-content\/uploads\/2022\/03\/cropped-GalerieMessmerLogo.png","contentUrl":"https:\/\/www.galerie-messmer.de\/wp-content\/uploads\/2022\/03\/cropped-GalerieMessmerLogo.png","width":2000,"height":250,"caption":"Galerie Messmer"},"image":{"@id":"https:\/\/www.galerie-messmer.de\/fr\/#\/schema\/logo\/image\/"}}]}},"_links":{"self":[{"href":"https:\/\/www.galerie-messmer.de\/fr\/wp-json\/wp\/v2\/pages\/2940","targetHints":{"allow":["GET"]}}],"collection":[{"href":"https:\/\/www.galerie-messmer.de\/fr\/wp-json\/wp\/v2\/pages"}],"about":[{"href":"https:\/\/www.galerie-messmer.de\/fr\/wp-json\/wp\/v2\/types\/page"}],"author":[{"embeddable":true,"href":"https:\/\/www.galerie-messmer.de\/fr\/wp-json\/wp\/v2\/users\/1"}],"replies":[{"embeddable":true,"href":"https:\/\/www.galerie-messmer.de\/fr\/wp-json\/wp\/v2\/comments?post=2940"}],"version-history":[{"count":2,"href":"https:\/\/www.galerie-messmer.de\/fr\/wp-json\/wp\/v2\/pages\/2940\/revisions"}],"predecessor-version":[{"id":2953,"href":"https:\/\/www.galerie-messmer.de\/fr\/wp-json\/wp\/v2\/pages\/2940\/revisions\/2953"}],"wp:attachment":[{"href":"https:\/\/www.galerie-messmer.de\/fr\/wp-json\/wp\/v2\/media?parent=2940"}],"curies":[{"name":"wp","href":"https:\/\/api.w.org\/{rel}","templated":true}]}}